{"id":399,"date":"2024-09-23T07:02:04","date_gmt":"2024-09-23T07:02:04","guid":{"rendered":"https:\/\/aranybalintingatlan.hu\/?page_id=399"},"modified":"2024-09-23T07:03:44","modified_gmt":"2024-09-23T07:03:44","slug":"impresszum","status":"publish","type":"page","link":"https:\/\/aranybalintingatlan.hu\/index.php\/impresszum\/","title":{"rendered":"Impresszum:\u00a0"},"content":{"rendered":"\t\t<div data-elementor-type=\"wp-page\" data-elementor-id=\"399\" class=\"elementor elementor-399\" data-elementor-post-type=\"page\">\n\t\t\t\t<div class=\"elementor-element elementor-element-6673ad3 e-flex e-con-boxed e-con e-parent\" data-id=\"6673ad3\" data-element_type=\"container\" data-e-type=\"container\">\n\t\t\t\t\t<div class=\"e-con-inner\">\n\t\t\t\t<div class=\"elementor-element elementor-element-8c374ff elementor-widget elementor-widget-heading\" data-id=\"8c374ff\" data-element_type=\"widget\" data-e-type=\"widget\" data-widget_type=\"heading.default\">\n\t\t\t\t<div class=\"elementor-widget-container\">\n\t\t\t\t\t<h2 class=\"elementor-heading-title elementor-size-default\">Impresszum<\/h2>\t\t\t\t<\/div>\n\t\t\t\t<\/div>\n\t\t\t\t\t<\/div>\n\t\t\t\t<\/div>\n\t\t<div class=\"elementor-element elementor-element-191eb568 e-flex e-con-boxed e-con e-parent\" data-id=\"191eb568\" data-element_type=\"container\" data-e-type=\"container\">\n\t\t\t\t\t<div class=\"e-con-inner\">\n\t\t\t\t<div class=\"elementor-element elementor-element-2905f843 elementor-widget elementor-widget-text-editor\" data-id=\"2905f843\" data-element_type=\"widget\" data-e-type=\"widget\" data-widget_type=\"text-editor.default\">\n\t\t\t\t<div class=\"elementor-widget-container\">\n\t\t\t\t\t\t\t\t\t\n<p><strong>V\u00e1llalkoz\u00e1s adatai:<\/strong><br \/>C\u00e9gn\u00e9v: Lord of Flats Kft.<br \/>Sz\u00e9khely: 1063 Budapest, Munk\u00e1csy Mih\u00e1ly utca 24. fsz.\/7.<br \/>Levelez\u00e9si c\u00edm:\u00a0<br \/>Ad\u00f3sz\u00e1m: 27804962-2-42<br \/>A c\u00e9get bejegyz\u0151 hat\u00f3s\u00e1g:\u00a0<br \/>Hat\u00f3s\u00e1gi enged\u00e9ly sz\u00e1ma:\u00a0<br \/>Kamara:\u00a0<br \/>Telefonsz\u00e1m: 06205944735<br \/>E-mail:\u00a0<\/p>\n\n<p><strong>T\u00e1rhelyszolg\u00e1ltat\u00f3 adatai:<\/strong><br \/>C\u00e9gn\u00e9v: Sybell Informatika Kft. Ad\u00f3sz\u00e1m: 25859502-2-42<br \/>C\u00edm:\u00a01158 Budapest, K\u00e9sm\u00e1rk u. 7\/B 2. em. 206.<br \/>Telefonsz\u00e1m:\u00a0<a href=\"tel:+3617076726\">+36 1 707 67 26<\/a><br \/>E-mail:\u00a0\u00a0<a href=\"mailto:hello@sybell.hu\">hello@sybell.hu<\/a><\/p>\n\t\t\t\t\t\t\t\t<\/div>\n\t\t\t\t<\/div>\n\t\t\t\t\t<\/div>\n\t\t\t\t<\/div>\n\t\t\t\t<\/div>\n\t\t","protected":false},"excerpt":{"rendered":"<p>Impresszum V\u00e1llalkoz\u00e1s adatai:C\u00e9gn\u00e9v: Lord of Flats Kft.Sz\u00e9khely: 1063 Budapest, Munk\u00e1csy Mih\u00e1ly utca 24. fsz.\/7.Levelez\u00e9si c\u00edm:\u00a0Ad\u00f3sz\u00e1m: 27804962-2-42A c\u00e9get bejegyz\u0151 hat\u00f3s\u00e1g:\u00a0Hat\u00f3s\u00e1gi enged\u00e9ly sz\u00e1ma:\u00a0Kamara:\u00a0Telefonsz\u00e1m: 06205944735E-mail:\u00a0 T\u00e1rhelyszolg\u00e1ltat\u00f3 adatai:C\u00e9gn\u00e9v: Sybell Informatika Kft. Ad\u00f3sz\u00e1m: 25859502-2-42C\u00edm:\u00a01158 Budapest, K\u00e9sm\u00e1rk u. 7\/B 2. em. 206.Telefonsz\u00e1m:\u00a0+36 1 707 67 26E-mail:\u00a0\u00a0hello@sybell.hu<\/p>\n","protected":false},"author":1,"featured_media":0,"parent":0,"menu_order":0,"comment_status":"closed","ping_status":"closed","template":"","meta":{"footnotes":""},"class_list":["post-399","page","type-page","status-publish","hentry"],"yoast_head":"<!-- This site is optimized with the Yoast SEO plugin v27.5 - https:\/\/yoast.com\/product\/yoast-seo-wordpress\/ -->\n<title>Impresszum:\u00a0 - aranybalintingatlan.hu<\/title>\n<meta name=\"robots\" content=\"index, follow, max-snippet:-1, max-image-preview:large, max-video-preview:-1\" \/>\n<link rel=\"canonical\" href=\"https:\/\/aranybalintingatlan.hu\/index.php\/impresszum\/\" \/>\n<meta property=\"og:locale\" content=\"hu_HU\" \/>\n<meta property=\"og:type\" content=\"article\" \/>\n<meta property=\"og:title\" content=\"Impresszum:\u00a0 - aranybalintingatlan.hu\" \/>\n<meta property=\"og:description\" content=\"Impresszum V\u00e1llalkoz\u00e1s adatai:C\u00e9gn\u00e9v: Lord of Flats Kft.Sz\u00e9khely: 1063 Budapest, Munk\u00e1csy Mih\u00e1ly utca 24. fsz.\/7.Levelez\u00e9si c\u00edm:\u00a0Ad\u00f3sz\u00e1m: 27804962-2-42A c\u00e9get bejegyz\u0151 hat\u00f3s\u00e1g:\u00a0Hat\u00f3s\u00e1gi enged\u00e9ly sz\u00e1ma:\u00a0Kamara:\u00a0Telefonsz\u00e1m: 06205944735E-mail:\u00a0 T\u00e1rhelyszolg\u00e1ltat\u00f3 adatai:C\u00e9gn\u00e9v: Sybell Informatika Kft. Ad\u00f3sz\u00e1m: 25859502-2-42C\u00edm:\u00a01158 Budapest, K\u00e9sm\u00e1rk u. 7\/B 2. em. 206.Telefonsz\u00e1m:\u00a0+36 1 707 67 26E-mail:\u00a0\u00a0hello@sybell.hu\" \/>\n<meta property=\"og:url\" content=\"https:\/\/aranybalintingatlan.hu\/index.php\/impresszum\/\" \/>\n<meta property=\"og:site_name\" content=\"aranybalintingatlan.hu\" \/>\n<meta property=\"article:modified_time\" content=\"2024-09-23T07:03:44+00:00\" \/>\n<meta name=\"twitter:card\" content=\"summary_large_image\" \/>\n<meta name=\"twitter:label1\" content=\"Becs\u00fclt olvas\u00e1si id\u0151\" \/>\n\t<meta name=\"twitter:data1\" content=\"1 perc\" \/>\n<script type=\"application\/ld+json\" class=\"yoast-schema-graph\">{\"@context\":\"https:\\\/\\\/schema.org\",\"@graph\":[{\"@type\":\"WebPage\",\"@id\":\"https:\\\/\\\/aranybalintingatlan.hu\\\/index.php\\\/impresszum\\\/\",\"url\":\"https:\\\/\\\/aranybalintingatlan.hu\\\/index.php\\\/impresszum\\\/\",\"name\":\"Impresszum:\u00a0 - aranybalintingatlan.hu\",\"isPartOf\":{\"@id\":\"https:\\\/\\\/aranybalintingatlan.hu\\\/#website\"},\"datePublished\":\"2024-09-23T07:02:04+00:00\",\"dateModified\":\"2024-09-23T07:03:44+00:00\",\"breadcrumb\":{\"@id\":\"https:\\\/\\\/aranybalintingatlan.hu\\\/index.php\\\/impresszum\\\/#breadcrumb\"},\"inLanguage\":\"hu\",\"potentialAction\":[{\"@type\":\"ReadAction\",\"target\":[\"https:\\\/\\\/aranybalintingatlan.hu\\\/index.php\\\/impresszum\\\/\"]}]},{\"@type\":\"BreadcrumbList\",\"@id\":\"https:\\\/\\\/aranybalintingatlan.hu\\\/index.php\\\/impresszum\\\/#breadcrumb\",\"itemListElement\":[{\"@type\":\"ListItem\",\"position\":1,\"name\":\"Kezd\u0151lap\",\"item\":\"https:\\\/\\\/aranybalintingatlan.hu\\\/\"},{\"@type\":\"ListItem\",\"position\":2,\"name\":\"Impresszum:\u00a0\"}]},{\"@type\":\"WebSite\",\"@id\":\"https:\\\/\\\/aranybalintingatlan.hu\\\/#website\",\"url\":\"https:\\\/\\\/aranybalintingatlan.hu\\\/\",\"name\":\"aranybalintingatlan.hu\",\"description\":\"Ingatlan \u00e9rt\u00e9kes\u00edt\u00e9s \u00e1rgaranci\u00e1val\",\"publisher\":{\"@id\":\"https:\\\/\\\/aranybalintingatlan.hu\\\/#organization\"},\"potentialAction\":[{\"@type\":\"SearchAction\",\"target\":{\"@type\":\"EntryPoint\",\"urlTemplate\":\"https:\\\/\\\/aranybalintingatlan.hu\\\/?s={search_term_string}\"},\"query-input\":{\"@type\":\"PropertyValueSpecification\",\"valueRequired\":true,\"valueName\":\"search_term_string\"}}],\"inLanguage\":\"hu\"},{\"@type\":\"Organization\",\"@id\":\"https:\\\/\\\/aranybalintingatlan.hu\\\/#organization\",\"name\":\"aranybalintingatlan.hu\",\"url\":\"https:\\\/\\\/aranybalintingatlan.hu\\\/\",\"logo\":{\"@type\":\"ImageObject\",\"inLanguage\":\"hu\",\"@id\":\"https:\\\/\\\/aranybalintingatlan.hu\\\/#\\\/schema\\\/logo\\\/image\\\/\",\"url\":\"https:\\\/\\\/aranybalintingatlan.hu\\\/wp-content\\\/uploads\\\/2024\\\/06\\\/AB-logo-arany.png\",\"contentUrl\":\"https:\\\/\\\/aranybalintingatlan.hu\\\/wp-content\\\/uploads\\\/2024\\\/06\\\/AB-logo-arany.png\",\"width\":1772,\"height\":1772,\"caption\":\"aranybalintingatlan.hu\"},\"image\":{\"@id\":\"https:\\\/\\\/aranybalintingatlan.hu\\\/#\\\/schema\\\/logo\\\/image\\\/\"}}]}<\/script>\n<!-- \/ Yoast SEO plugin. -->","yoast_head_json":{"title":"Impresszum:\u00a0 - aranybalintingatlan.hu","robots":{"index":"index","follow":"follow","max-snippet":"max-snippet:-1","max-image-preview":"max-image-preview:large","max-video-preview":"max-video-preview:-1"},"canonical":"https:\/\/aranybalintingatlan.hu\/index.php\/impresszum\/","og_locale":"hu_HU","og_type":"article","og_title":"Impresszum:\u00a0 - aranybalintingatlan.hu","og_description":"Impresszum V\u00e1llalkoz\u00e1s adatai:C\u00e9gn\u00e9v: Lord of Flats Kft.Sz\u00e9khely: 1063 Budapest, Munk\u00e1csy Mih\u00e1ly utca 24. fsz.\/7.Levelez\u00e9si c\u00edm:\u00a0Ad\u00f3sz\u00e1m: 27804962-2-42A c\u00e9get bejegyz\u0151 hat\u00f3s\u00e1g:\u00a0Hat\u00f3s\u00e1gi enged\u00e9ly sz\u00e1ma:\u00a0Kamara:\u00a0Telefonsz\u00e1m: 06205944735E-mail:\u00a0 T\u00e1rhelyszolg\u00e1ltat\u00f3 adatai:C\u00e9gn\u00e9v: Sybell Informatika Kft. Ad\u00f3sz\u00e1m: 25859502-2-42C\u00edm:\u00a01158 Budapest, K\u00e9sm\u00e1rk u. 7\/B 2. em. 206.Telefonsz\u00e1m:\u00a0+36 1 707 67 26E-mail:\u00a0\u00a0hello@sybell.hu","og_url":"https:\/\/aranybalintingatlan.hu\/index.php\/impresszum\/","og_site_name":"aranybalintingatlan.hu","article_modified_time":"2024-09-23T07:03:44+00:00","twitter_card":"summary_large_image","twitter_misc":{"Becs\u00fclt olvas\u00e1si id\u0151":"1 perc"},"schema":{"@context":"https:\/\/schema.org","@graph":[{"@type":"WebPage","@id":"https:\/\/aranybalintingatlan.hu\/index.php\/impresszum\/","url":"https:\/\/aranybalintingatlan.hu\/index.php\/impresszum\/","name":"Impresszum:\u00a0 - aranybalintingatlan.hu","isPartOf":{"@id":"https:\/\/aranybalintingatlan.hu\/#website"},"datePublished":"2024-09-23T07:02:04+00:00","dateModified":"2024-09-23T07:03:44+00:00","breadcrumb":{"@id":"https:\/\/aranybalintingatlan.hu\/index.php\/impresszum\/#breadcrumb"},"inLanguage":"hu","potentialAction":[{"@type":"ReadAction","target":["https:\/\/aranybalintingatlan.hu\/index.php\/impresszum\/"]}]},{"@type":"BreadcrumbList","@id":"https:\/\/aranybalintingatlan.hu\/index.php\/impresszum\/#breadcrumb","itemListElement":[{"@type":"ListItem","position":1,"name":"Kezd\u0151lap","item":"https:\/\/aranybalintingatlan.hu\/"},{"@type":"ListItem","position":2,"name":"Impresszum:\u00a0"}]},{"@type":"WebSite","@id":"https:\/\/aranybalintingatlan.hu\/#website","url":"https:\/\/aranybalintingatlan.hu\/","name":"aranybalintingatlan.hu","description":"Ingatlan \u00e9rt\u00e9kes\u00edt\u00e9s \u00e1rgaranci\u00e1val","publisher":{"@id":"https:\/\/aranybalintingatlan.hu\/#organization"},"potentialAction":[{"@type":"SearchAction","target":{"@type":"EntryPoint","urlTemplate":"https:\/\/aranybalintingatlan.hu\/?s={search_term_string}"},"query-input":{"@type":"PropertyValueSpecification","valueRequired":true,"valueName":"search_term_string"}}],"inLanguage":"hu"},{"@type":"Organization","@id":"https:\/\/aranybalintingatlan.hu\/#organization","name":"aranybalintingatlan.hu","url":"https:\/\/aranybalintingatlan.hu\/","logo":{"@type":"ImageObject","inLanguage":"hu","@id":"https:\/\/aranybalintingatlan.hu\/#\/schema\/logo\/image\/","url":"https:\/\/aranybalintingatlan.hu\/wp-content\/uploads\/2024\/06\/AB-logo-arany.png","contentUrl":"https:\/\/aranybalintingatlan.hu\/wp-content\/uploads\/2024\/06\/AB-logo-arany.png","width":1772,"height":1772,"caption":"aranybalintingatlan.hu"},"image":{"@id":"https:\/\/aranybalintingatlan.hu\/#\/schema\/logo\/image\/"}}]}},"rttpg_featured_image_url":null,"rttpg_author":{"display_name":"admin","author_link":"https:\/\/aranybalintingatlan.hu\/index.php\/author\/admin\/"},"rttpg_comment":0,"rttpg_category":null,"rttpg_excerpt":"Impresszum V\u00e1llalkoz\u00e1s adatai:C\u00e9gn\u00e9v: Lord of Flats Kft.Sz\u00e9khely: 1063 Budapest, Munk\u00e1csy Mih\u00e1ly utca 24. fsz.\/7.Levelez\u00e9si c\u00edm:\u00a0Ad\u00f3sz\u00e1m: 27804962-2-42A c\u00e9get bejegyz\u0151 hat\u00f3s\u00e1g:\u00a0Hat\u00f3s\u00e1gi enged\u00e9ly sz\u00e1ma:\u00a0Kamara:\u00a0Telefonsz\u00e1m: 06205944735E-mail:\u00a0 T\u00e1rhelyszolg\u00e1ltat\u00f3 adatai:C\u00e9gn\u00e9v: Sybell Informatika Kft. Ad\u00f3sz\u00e1m: 25859502-2-42C\u00edm:\u00a01158 Budapest, K\u00e9sm\u00e1rk u. 7\/B 2. em. 206.Telefonsz\u00e1m:\u00a0+36 1 707 67 26E-mail:\u00a0\u00a0hello@sybell.hu","_links":{"self":[{"href":"https:\/\/aranybalintingatlan.hu\/index.php\/wp-json\/wp\/v2\/pages\/399","targetHints":{"allow":["GET"]}}],"collection":[{"href":"https:\/\/aranybalintingatlan.hu\/index.php\/wp-json\/wp\/v2\/pages"}],"about":[{"href":"https:\/\/aranybalintingatlan.hu\/index.php\/wp-json\/wp\/v2\/types\/page"}],"author":[{"embeddable":true,"href":"https:\/\/aranybalintingatlan.hu\/index.php\/wp-json\/wp\/v2\/users\/1"}],"replies":[{"embeddable":true,"href":"https:\/\/aranybalintingatlan.hu\/index.php\/wp-json\/wp\/v2\/comments?post=399"}],"version-history":[{"count":7,"href":"https:\/\/aranybalintingatlan.hu\/index.php\/wp-json\/wp\/v2\/pages\/399\/revisions"}],"predecessor-version":[{"id":406,"href":"https:\/\/aranybalintingatlan.hu\/index.php\/wp-json\/wp\/v2\/pages\/399\/revisions\/406"}],"wp:attachment":[{"href":"https:\/\/aranybalintingatlan.hu\/index.php\/wp-json\/wp\/v2\/media?parent=399"}],"curies":[{"name":"wp","href":"https:\/\/api.w.org\/{rel}","templated":true}]}}